{"id":231,"date":"2023-04-18T12:03:49","date_gmt":"2023-04-18T12:03:49","guid":{"rendered":"https:\/\/www.atlastiyatro.com\/?page_id=231"},"modified":"2023-04-25T12:53:13","modified_gmt":"2023-04-25T12:53:13","slug":"basinda","status":"publish","type":"page","link":"https:\/\/atlastiyatro.com\/en\/basinda\/","title":{"rendered":"In the press"},"content":{"rendered":"<div class=\"vc_row wpb_row vc_row-fluid\"><div class=\"wpb_column vc_column_container vc_col-sm-12\"><div class=\"vc_column-inner\"><div class=\"wpb_wrapper\"><h2 style=\"font-size: 44px;text-align: left\" class=\"vc_custom_heading\" >In the press<\/h2><div class=\"vc_empty_space\"   style=\"height: 32px\"><span class=\"vc_empty_space_inner\"><\/span><\/div><\/div><\/div><\/div><\/div><div class=\"vc_row wpb_row vc_row-fluid vc_custom_1680723614562 vc_row-has-fill\"><div class=\"wpb_column vc_column_container vc_col-sm-12\"><div class=\"vc_column-inner\"><div class=\"wpb_wrapper\"><h2 style=\"text-align: left\" class=\"vc_custom_heading\" >Habert\u00fcrk<\/h2>\n\t<div class=\"wpb_text_column wpb_content_element\" >\n\t\t<div class=\"wpb_wrapper\">\n\t\t\t<p>Interview with Bet\u00fcl Memi\u015f <a href=\"https:\/\/www.haberturk.com\/kultur-sanat\/haber\/939154-ama-kus-olmak-zorunda-degil-ki\" target=\"_blank\" rel=\"noopener\">Connection<\/a><\/p>\n\n\t\t<\/div>\n\t<\/div>\n<div class=\"vc_separator wpb_content_element vc_separator_align_center vc_sep_width_100 vc_sep_pos_align_center vc_separator_no_text vc_sep_color_white\" ><span class=\"vc_sep_holder vc_sep_holder_l\"><span  class=\"vc_sep_line\"><\/span><\/span><span class=\"vc_sep_holder vc_sep_holder_r\"><span  class=\"vc_sep_line\"><\/span><\/span>\n<\/div><h2 style=\"text-align: left\" class=\"vc_custom_heading\" >Elephant Truth<\/h2>\n\t<div class=\"wpb_text_column wpb_content_element\" >\n\t\t<div class=\"wpb_wrapper\">\n\t\t\t<p>Ezgi Gizem G\u00fcl\u00fcmser 'Cage' Criticism <a href=\"http:\/\/filhakikat.net\/kafkadan-kafese\/\" target=\"_blank\" rel=\"noopener\">Connection<\/a><\/p>\n\n\t\t<\/div>\n\t<\/div>\n<div class=\"vc_separator wpb_content_element vc_separator_align_center vc_sep_width_100 vc_sep_pos_align_center vc_separator_no_text vc_sep_color_white\" ><span class=\"vc_sep_holder vc_sep_holder_l\"><span  class=\"vc_sep_line\"><\/span><\/span><span class=\"vc_sep_holder vc_sep_holder_r\"><span  class=\"vc_sep_line\"><\/span><\/span>\n<\/div><h2 style=\"text-align: left\" class=\"vc_custom_heading\" >Gazete Duvar<\/h2>\n\t<div class=\"wpb_text_column wpb_content_element\" >\n\t\t<div class=\"wpb_wrapper\">\n\t\t\t<p>Interview with Soner Sert <a href=\"https:\/\/www.gazeteduvar.com.tr\/kultur-sanat\/2016\/12\/16\/sercan-ozinan-sosyo-politik-kaygilar-tiyatro-yapmamizi-zorlastiriyor\" target=\"_blank\" rel=\"noopener\">Connection<\/a><\/p>\n\n\t\t<\/div>\n\t<\/div>\n<div class=\"vc_separator wpb_content_element vc_separator_align_center vc_sep_width_100 vc_sep_pos_align_center vc_separator_no_text vc_sep_color_white\" ><span class=\"vc_sep_holder vc_sep_holder_l\"><span  class=\"vc_sep_line\"><\/span><\/span><span class=\"vc_sep_holder vc_sep_holder_r\"><span  class=\"vc_sep_line\"><\/span><\/span>\n<\/div><h2 style=\"text-align: left\" class=\"vc_custom_heading\" >Karar Newspaper<\/h2>\n\t<div class=\"wpb_text_column wpb_content_element\" >\n\t\t<div class=\"wpb_wrapper\">\n\t\t\t<p>Interview with Erkut Tezerdi <a href=\"https:\/\/www.karar.com\/polisiye-oykulerin-atasi-simdi-tiyatro-sahnesinde-414885\" target=\"_blank\" rel=\"noopener\">Connection<\/a><\/p>\n\n\t\t<\/div>\n\t<\/div>\n<div class=\"vc_separator wpb_content_element vc_separator_align_center vc_sep_width_100 vc_sep_pos_align_center vc_separator_no_text vc_sep_color_white\" ><span class=\"vc_sep_holder vc_sep_holder_l\"><span  class=\"vc_sep_line\"><\/span><\/span><span class=\"vc_sep_holder vc_sep_holder_r\"><span  class=\"vc_sep_line\"><\/span><\/span>\n<\/div><h2 style=\"text-align: left\" class=\"vc_custom_heading\" >Mimesis Magazine<\/h2>\n\t<div class=\"wpb_text_column wpb_content_element\" >\n\t\t<div class=\"wpb_wrapper\">\n\t\t\t<p>Interview with Gizem Kurtsoy <a href=\"https:\/\/www.mimesis-dergi.org\/2018\/06\/kadikoyde-yeni-bir-atolye-mekani\/\" target=\"_blank\" rel=\"noopener\">Connection<\/a><\/p>\n\n\t\t<\/div>\n\t<\/div>\n<div class=\"vc_separator wpb_content_element vc_separator_align_center vc_sep_width_100 vc_sep_pos_align_center vc_separator_no_text vc_sep_color_white\" ><span class=\"vc_sep_holder vc_sep_holder_l\"><span  class=\"vc_sep_line\"><\/span><\/span><span class=\"vc_sep_holder vc_sep_holder_r\"><span  class=\"vc_sep_line\"><\/span><\/span>\n<\/div><h2 style=\"text-align: left\" class=\"vc_custom_heading\" >Shalom Newspaper<\/h2>\n\t<div class=\"wpb_text_column wpb_content_element\" >\n\t\t<div class=\"wpb_wrapper\">\n\t\t\t<p>Erdogan Mitrani on 'The Stranger' <a href=\"https:\/\/www.salom.com.tr\/haber\/124332\/shakespeare-yeniden-moda-sahnesinde\" target=\"_blank\" rel=\"noopener\">Connection<\/a><\/p>\n\n\t\t<\/div>\n\t<\/div>\n<div class=\"vc_separator wpb_content_element vc_separator_align_center vc_sep_width_100 vc_sep_pos_align_center vc_separator_no_text vc_sep_color_white\" ><span class=\"vc_sep_holder vc_sep_holder_l\"><span  class=\"vc_sep_line\"><\/span><\/span><span class=\"vc_sep_holder vc_sep_holder_r\"><span  class=\"vc_sep_line\"><\/span><\/span>\n<\/div><h2 style=\"text-align: left\" class=\"vc_custom_heading\" >Theater Magazine<\/h2>\n\t<div class=\"wpb_text_column wpb_content_element\" >\n\t\t<div class=\"wpb_wrapper\">\n\t\t\t<p>Mustafa Kara on 'The Stranger' <a href=\"https:\/\/tiyatrodergisi.com.tr\/pek-yabanci-degil-burada-anlatilan-da-bizim-hikayemiz\/\" target=\"_blank\" rel=\"noopener\">Connection<\/a><\/p>\n\n\t\t<\/div>\n\t<\/div>\n<div class=\"vc_separator wpb_content_element vc_separator_align_center vc_sep_width_100 vc_sep_pos_align_center vc_separator_no_text vc_sep_color_white\" ><span class=\"vc_sep_holder vc_sep_holder_l\"><span  class=\"vc_sep_line\"><\/span><\/span><span class=\"vc_sep_holder vc_sep_holder_r\"><span  class=\"vc_sep_line\"><\/span><\/span>\n<\/div><h2 style=\"text-align: left\" class=\"vc_custom_heading\" >Shalom Newspaper<\/h2>\n\t<div class=\"wpb_text_column wpb_content_element\" >\n\t\t<div class=\"wpb_wrapper\">\n\t\t\t<p>Erdogan Mitrani on 'Tame Woman' <a href=\"https:\/\/www.salom.com.tr\/haber\/126961\/atlas-tiyatro-arastirmalari-10-yasinda-uysal-kadin\" target=\"_blank\" rel=\"noopener\">Connection<\/a><\/p>\n\n\t\t<\/div>\n\t<\/div>\n<div class=\"vc_separator wpb_content_element vc_separator_align_center vc_sep_width_100 vc_sep_pos_align_center vc_separator_no_text vc_sep_color_white\" ><span class=\"vc_sep_holder vc_sep_holder_l\"><span  class=\"vc_sep_line\"><\/span><\/span><span class=\"vc_sep_holder vc_sep_holder_r\"><span  class=\"vc_sep_line\"><\/span><\/span>\n<\/div><div class=\"vc_separator wpb_content_element vc_separator_align_center vc_sep_width_100 vc_sep_pos_align_center vc_separator_no_text vc_sep_color_grey\" ><span class=\"vc_sep_holder vc_sep_holder_l\"><span  class=\"vc_sep_line\"><\/span><\/span><span class=\"vc_sep_holder vc_sep_holder_r\"><span  class=\"vc_sep_line\"><\/span><\/span>\n<\/div><\/div><\/div><\/div><\/div>","protected":false},"excerpt":{"rendered":"Bas\u0131ndaHabert\u00fcrk Interview with Bet\u00fcl Memi\u015f Link Fil Hakikat Ezgi Gizem G\u00fcl\u00fcmser 'Cage' Criticism Link Gazete Duvar Interview with Soner Sert Link Karar Newspaper Interview with Erkut Tezerdi Link Mimesis Magazine Interview with Gizem Kurtsoy Link \u015ealom Newspaper Interview with Erdo\u011fan Mitrani 'The Foreigner' Link Tiyatro Dergisi Mustafa Kara 'The Foreigner' Link \u015ealom Newspaper Interview with Erdo\u011fan Mitrani 'Uysal Kad\u0131n' [...]","protected":false},"author":1,"featured_media":272,"parent":0,"menu_order":0,"comment_status":"closed","ping_status":"closed","template":"","meta":{"footnotes":""},"class_list":["post-231","page","type-page","status-publish","has-post-thumbnail","hentry"],"_links":{"self":[{"href":"https:\/\/atlastiyatro.com\/en\/wp-json\/wp\/v2\/pages\/231","targetHints":{"allow":["GET"]}}],"collection":[{"href":"https:\/\/atlastiyatro.com\/en\/wp-json\/wp\/v2\/pages"}],"about":[{"href":"https:\/\/atlastiyatro.com\/en\/wp-json\/wp\/v2\/types\/page"}],"author":[{"embeddable":true,"href":"https:\/\/atlastiyatro.com\/en\/wp-json\/wp\/v2\/users\/1"}],"replies":[{"embeddable":true,"href":"https:\/\/atlastiyatro.com\/en\/wp-json\/wp\/v2\/comments?post=231"}],"version-history":[{"count":20,"href":"https:\/\/atlastiyatro.com\/en\/wp-json\/wp\/v2\/pages\/231\/revisions"}],"predecessor-version":[{"id":251,"href":"https:\/\/atlastiyatro.com\/en\/wp-json\/wp\/v2\/pages\/231\/revisions\/251"}],"wp:featuredmedia":[{"embeddable":true,"href":"https:\/\/atlastiyatro.com\/en\/wp-json\/wp\/v2\/media\/272"}],"wp:attachment":[{"href":"https:\/\/atlastiyatro.com\/en\/wp-json\/wp\/v2\/media?parent=231"}],"curies":[{"name":"wp","href":"https:\/\/api.w.org\/{rel}","templated":true}]}}