{"id":262,"date":"2023-04-18T13:54:44","date_gmt":"2023-04-18T13:54:44","guid":{"rendered":"https:\/\/www.atlastiyatro.com\/?page_id=262"},"modified":"2024-09-23T07:49:11","modified_gmt":"2024-09-23T07:49:11","slug":"devam-eden-oyunlar","status":"publish","type":"page","link":"https:\/\/atlastiyatro.com\/en\/devam-eden-oyunlar\/","title":{"rendered":"Currently"},"content":{"rendered":"<div class=\"vc_row wpb_row vc_row-fluid\"><div class=\"wpb_column vc_column_container vc_col-sm-12\"><div class=\"vc_column-inner\"><div class=\"wpb_wrapper\"><h2 style=\"font-size: 44px;text-align: left\" class=\"vc_custom_heading\" >Currently<\/h2><div class=\"vc_empty_space\"   style=\"height: 32px\"><span class=\"vc_empty_space_inner\"><\/span><\/div><div class=\"vc_empty_space\"   style=\"height: 32px\"><span class=\"vc_empty_space_inner\"><\/span><\/div><\/div><\/div><\/div><\/div><div class=\"vc_row wpb_row vc_row-fluid vc_custom_1680723614562 vc_row-has-fill\"><div class=\"wpb_column vc_column_container vc_col-sm-3\"><div class=\"vc_column-inner\"><div class=\"wpb_wrapper\">\n\t<div  class=\"wpb_single_image wpb_content_element vc_align_left\">\n\t\t\n\t\t<figure class=\"wpb_wrapper vc_figure\">\n\t\t\t<div class=\"vc_single_image-wrapper   vc_box_border_grey\"><img loading=\"lazy\" decoding=\"async\" width=\"1371\" height=\"1920\" src=\"https:\/\/atlastiyatro.com\/wp-content\/uploads\/2024\/09\/Dublorun-Dilemmasi-Afis.jpg\" class=\"vc_single_image-img attachment-full\" alt=\"\" srcset=\"https:\/\/atlastiyatro.com\/wp-content\/uploads\/2024\/09\/Dublorun-Dilemmasi-Afis.jpg 1371w, https:\/\/atlastiyatro.com\/wp-content\/uploads\/2024\/09\/Dublorun-Dilemmasi-Afis-214x300.jpg 214w, https:\/\/atlastiyatro.com\/wp-content\/uploads\/2024\/09\/Dublorun-Dilemmasi-Afis-731x1024.jpg 731w, https:\/\/atlastiyatro.com\/wp-content\/uploads\/2024\/09\/Dublorun-Dilemmasi-Afis-768x1076.jpg 768w, https:\/\/atlastiyatro.com\/wp-content\/uploads\/2024\/09\/Dublorun-Dilemmasi-Afis-1097x1536.jpg 1097w, https:\/\/atlastiyatro.com\/wp-content\/uploads\/2024\/09\/Dublorun-Dilemmasi-Afis-9x12.jpg 9w\" sizes=\"auto, (max-width: 1371px) 100vw, 1371px\" \/><\/div>\n\t\t<\/figure>\n\t<\/div>\n<\/div><\/div><\/div><div class=\"wpb_column vc_column_container vc_col-sm-9\"><div class=\"vc_column-inner\"><div class=\"wpb_wrapper\"><h2 style=\"text-align: left\" class=\"vc_custom_heading\" >Stuntman's Dilemma<\/h2><div class=\"vc_tta-container\" data-vc-action=\"collapse\"><div class=\"vc_general vc_tta vc_tta-accordion vc_tta-color-grey vc_tta-style-classic vc_tta-shape-rounded vc_tta-o-shape-group vc_tta-controls-align-left\"><div class=\"vc_tta-panels-container\"><div class=\"vc_tta-panels\"><div class=\"vc_tta-panel vc_active\" id=\"1680723196003-79195644-bd88\" data-vc-content=\".vc_tta-panel-body\"><div class=\"vc_tta-panel-heading\"><h4 class=\"vc_tta-panel-title vc_tta-controls-icon-position-left\"><a href=\"#1680723196003-79195644-bd88\" data-vc-accordion data-vc-container=\".vc_tta-container\"><span class=\"vc_tta-title-text\">About the Game<\/span><i class=\"vc_tta-controls-icon vc_tta-controls-icon-plus\"><\/i><\/a><\/h4><\/div><div class=\"vc_tta-panel-body\">\n\t<div class=\"wpb_text_column wpb_content_element\" >\n\t\t<div class=\"wpb_wrapper\">\n\t\t\t<p>Do you need to be in two places at the same time! Give us a call!<\/p>\n<p>Based on Murat Mente\u015f's novel of the same name, this play tells the absurd and tragicomic story of a character named Nuh Tufan. After dropping out of the conservatory, Nuh tries various jobs to earn money but is unable to make ends meet. With the invention of his close friend \u0130brahim Kurban, he finds himself in a series of events he never expected.<\/p>\n\n\t\t<\/div>\n\t<\/div>\n<\/div><\/div><div class=\"vc_tta-panel\" id=\"1680723196023-499b24d6-c6dd\" data-vc-content=\".vc_tta-panel-body\"><div class=\"vc_tta-panel-heading\"><h4 class=\"vc_tta-panel-title vc_tta-controls-icon-position-left\"><a href=\"#1680723196023-499b24d6-c6dd\" data-vc-accordion data-vc-container=\".vc_tta-container\"><span class=\"vc_tta-title-text\">Imprint<\/span><i class=\"vc_tta-controls-icon vc_tta-controls-icon-plus\"><\/i><\/a><\/h4><\/div><div class=\"vc_tta-panel-body\">\n\t<div class=\"wpb_text_column wpb_content_element\" >\n\t\t<div class=\"wpb_wrapper\">\n\t\t\t<p><strong>Artwork:<\/strong> Murat Mente\u015f<br \/>\n<strong>Adaptor-Director:<\/strong> Sercan Ozinan<br \/>\n<strong>Dramaturg<\/strong> Ece Celikcapa Ozinan<br \/>\n<strong>Assistant Directors<\/strong> Aral Celik, Berre Ko\u00e7ak<br \/>\n<strong>Music:<\/strong> Metin Bahtiyar<br \/>\n<strong>Decor and Costume Design:<\/strong> Rabia Kip Telek<br \/>\n<strong>Light Design:<\/strong> Ay\u015fe Sedef Ayter<br \/>\n<strong>Mask<\/strong> H\u00fcseyin Akg\u00fcl<br \/>\n<strong>Sound Mix - Effect Design:<\/strong> Kerem Duru<br \/>\n<strong>Poster Design:<\/strong> Ethem Onur Bilgi\u00e7<br \/>\n<strong>Players:<\/strong> Abdurrahman Meralli, \u00c7etin Kaya, Deniz I\u015f\u0131n, Ediz Ak\u015fehir, Tekin Ezg\u00fctekin<\/p>\n\n\t\t<\/div>\n\t<\/div>\n<\/div><\/div><\/div><\/div><\/div><\/div><div class=\"vc_separator wpb_content_element vc_separator_align_center vc_sep_width_100 vc_sep_pos_align_center vc_separator_no_text vc_sep_color_grey\" ><span class=\"vc_sep_holder vc_sep_holder_l\"><span  class=\"vc_sep_line\"><\/span><\/span><span class=\"vc_sep_holder vc_sep_holder_r\"><span  class=\"vc_sep_line\"><\/span><\/span>\n<\/div><div class=\"vc_empty_space\"   style=\"height: 32px\"><span class=\"vc_empty_space_inner\"><\/span><\/div><\/div><\/div><\/div><\/div>","protected":false},"excerpt":{"rendered":"Ongoing Games Stuntman's DilemmaAbout the Game Do You Need to Be in Two Places at Once! Call Us! Adapted from Murat Mente\u015f's novel of the same name, this play tells the absurd and tragicomic story of a character named Nuh Tufan. After dropping out of the conservatory, Nuh tries various jobs to earn money but can't make ends meet, and his close friend [...]","protected":false},"author":1,"featured_media":272,"parent":0,"menu_order":0,"comment_status":"closed","ping_status":"closed","template":"","meta":{"footnotes":""},"class_list":["post-262","page","type-page","status-publish","has-post-thumbnail","hentry"],"_links":{"self":[{"href":"https:\/\/atlastiyatro.com\/en\/wp-json\/wp\/v2\/pages\/262","targetHints":{"allow":["GET"]}}],"collection":[{"href":"https:\/\/atlastiyatro.com\/en\/wp-json\/wp\/v2\/pages"}],"about":[{"href":"https:\/\/atlastiyatro.com\/en\/wp-json\/wp\/v2\/types\/page"}],"author":[{"embeddable":true,"href":"https:\/\/atlastiyatro.com\/en\/wp-json\/wp\/v2\/users\/1"}],"replies":[{"embeddable":true,"href":"https:\/\/atlastiyatro.com\/en\/wp-json\/wp\/v2\/comments?post=262"}],"version-history":[{"count":13,"href":"https:\/\/atlastiyatro.com\/en\/wp-json\/wp\/v2\/pages\/262\/revisions"}],"predecessor-version":[{"id":321,"href":"https:\/\/atlastiyatro.com\/en\/wp-json\/wp\/v2\/pages\/262\/revisions\/321"}],"wp:featuredmedia":[{"embeddable":true,"href":"https:\/\/atlastiyatro.com\/en\/wp-json\/wp\/v2\/media\/272"}],"wp:attachment":[{"href":"https:\/\/atlastiyatro.com\/en\/wp-json\/wp\/v2\/media?parent=262"}],"curies":[{"name":"wp","href":"https:\/\/api.w.org\/{rel}","templated":true}]}}